{"id":5229,"date":"2021-05-07T10:41:06","date_gmt":"2021-05-07T08:41:06","guid":{"rendered":"https:\/\/gpower.io\/?page_id=5229"},"modified":"2025-08-13T11:04:56","modified_gmt":"2025-08-13T09:04:56","slug":"terms-and-conditions-of-quotation-and-sale","status":"publish","type":"page","link":"https:\/\/gpower.io\/en\/terms-and-conditions-of-quotation-and-sale\/","title":{"rendered":"Terms and Conditions of Quotation and Sale"},"content":{"rendered":"\t\t<div data-elementor-type=\"wp-page\" data-elementor-id=\"5229\" class=\"elementor elementor-5229 elementor-3306\" data-elementor-post-type=\"page\">\n\t\t\t\t\t\t<section class=\"elementor-section elementor-top-section elementor-element elementor-element-b947f26 elementor-section-height-min-height elementor-section-boxed elementor-section-height-default elementor-section-items-middle\" data-id=\"b947f26\" data-element_type=\"section\" data-settings=\"{&quot;background_background&quot;:&quot;gradient&quot;,&quot;shape_divider_bottom&quot;:&quot;waves&quot;}\">\n\t\t\t\t\t\t\t<div class=\"elementor-background-overlay\"><\/div>\n\t\t\t\t\t\t<div class=\"elementor-shape elementor-shape-bottom\" aria-hidden=\"true\" data-negative=\"false\">\n\t\t\t<svg xmlns=\"http:\/\/www.w3.org\/2000\/svg\" viewBox=\"0 0 1000 100\" preserveAspectRatio=\"none\">\n\t<path class=\"elementor-shape-fill\" d=\"M421.9,6.5c22.6-2.5,51.5,0.4,75.5,5.3c23.6,4.9,70.9,23.5,100.5,35.7c75.8,32.2,133.7,44.5,192.6,49.7\n\tc23.6,2.1,48.7,3.5,103.4-2.5c54.7-6,106.2-25.6,106.2-25.6V0H0v30.3c0,0,72,32.6,158.4,30.5c39.2-0.7,92.8-6.7,134-22.4\n\tc21.2-8.1,52.2-18.2,79.7-24.2C399.3,7.9,411.6,7.5,421.9,6.5z\"\/>\n<\/svg>\t\t<\/div>\n\t\t\t\t\t<div class=\"elementor-container elementor-column-gap-default\">\n\t\t\t\t\t<div class=\"aux-parallax-section elementor-column elementor-col-100 elementor-top-column elementor-element elementor-element-59632ee\" data-id=\"59632ee\" data-element_type=\"column\">\n\t\t\t<div class=\"elementor-widget-wrap elementor-element-populated\">\n\t\t\t\t\t\t<div class=\"elementor-element elementor-element-4f9fe222 elementor-widget elementor-widget-heading\" data-id=\"4f9fe222\" data-element_type=\"widget\" data-widget_type=\"heading.default\">\n\t\t\t\t<div class=\"elementor-widget-container\">\n\t\t\t\t\t<h1 class=\"elementor-heading-title elementor-size-default\">Terms and Conditions of <br>Quotation and Sale<\/h1>\t\t\t\t<\/div>\n\t\t\t\t<\/div>\n\t\t\t\t<div class=\"elementor-element elementor-element-57081893 elementor-widget elementor-widget-heading\" data-id=\"57081893\" data-element_type=\"widget\" data-widget_type=\"heading.default\">\n\t\t\t\t<div class=\"elementor-widget-container\">\n\t\t\t\t\t<h3 class=\"elementor-heading-title elementor-size-default\">#1-24<\/h3>\t\t\t\t<\/div>\n\t\t\t\t<\/div>\n\t\t\t\t\t<\/div>\n\t\t<\/div>\n\t\t\t\t\t<\/div>\n\t\t<\/section>\n\t\t\t\t<section class=\"elementor-section elementor-top-section elementor-element elementor-element-658f4ea3 elementor-reverse-tablet elementor-reverse-mobile elementor-section-boxed elementor-section-height-default elementor-section-height-default\" data-id=\"658f4ea3\" data-element_type=\"section\" data-settings=\"{&quot;background_background&quot;:&quot;classic&quot;}\">\n\t\t\t\t\t\t<div class=\"elementor-container elementor-column-gap-wider\">\n\t\t\t\t\t<div class=\"aux-parallax-section elementor-column elementor-col-100 elementor-top-column elementor-element elementor-element-6289215e\" data-id=\"6289215e\" data-element_type=\"column\">\n\t\t\t<div class=\"elementor-widget-wrap elementor-element-populated\">\n\t\t\t\t\t\t<div class=\"elementor-element elementor-element-166e7ce6 elementor-widget elementor-widget-aux_modern_heading\" data-id=\"166e7ce6\" data-element_type=\"widget\" data-widget_type=\"aux_modern_heading.default\">\n\t\t\t\t<div class=\"elementor-widget-container\">\n\t\t\t\t\t<section class=\"aux-widget-modern-heading\">\n            <div class=\"aux-widget-inner\"><h2 class=\"aux-modern-heading-primary\"><\/h2><div class=\"aux-modern-heading-description\"><div class=\"wpb_text_column wpb_content_element vc_custom_1539590534957\"><div class=\"wpb_wrapper\"><h2 class=\"wpb_text_column wpb_content_element vc_custom_1539590534957\"><a href=\"https:\/\/gpower.io\/wp-content\/uploads\/2025\/08\/GPower-Terms-And-Conditions-v1.2-1.pdf\">Click here to download our Terms and Conditions<\/a><\/h2><\/div><\/div><\/div><\/div>\n        <\/section>\t\t\t\t<\/div>\n\t\t\t\t<\/div>\n\t\t\t\t<div class=\"elementor-element elementor-element-1817eaeb elementor-widget elementor-widget-text-editor\" data-id=\"1817eaeb\" data-element_type=\"widget\" data-widget_type=\"text-editor.default\">\n\t\t\t\t<div class=\"elementor-widget-container\">\n\t\t\t\t\t\t\t\t\t<p><em>Version 1.2: December, 2021<\/em><\/p>\t\t\t\t\t\t\t\t<\/div>\n\t\t\t\t<\/div>\n\t\t\t\t<div class=\"elementor-element elementor-element-b8f3136 elementor-widget elementor-widget-spacer\" data-id=\"b8f3136\" data-element_type=\"widget\" data-widget_type=\"spacer.default\">\n\t\t\t\t<div class=\"elementor-widget-container\">\n\t\t\t\t\t\t\t<div class=\"elementor-spacer\">\n\t\t\t<div class=\"elementor-spacer-inner\"><\/div>\n\t\t<\/div>\n\t\t\t\t\t\t<\/div>\n\t\t\t\t<\/div>\n\t\t\t\t<div class=\"elementor-element elementor-element-5ba1f003 elementor-widget__width-auto elementor-widget-mobile__width-inherit aux-appear-watch-animation aux-fade-in-right-2 elementor-widget elementor-widget-aux_simple_svg\" data-id=\"5ba1f003\" data-element_type=\"widget\" data-widget_type=\"aux_simple_svg.default\">\n\t\t\t\t<div class=\"elementor-widget-container\">\n\t\t\t\t\t    <div class=\"aux-widget-container aux-simple-svg-container\">\n        <div class=\"aux-widget-container-inner\">\n            <div class=\"aux-the-svg\"><img decoding=\"async\" src=\"https:\/\/gpower.io\/wp-content\/uploads\/2019\/11\/Group-582.svg\" title=\"demo-attachment-44-Group-582\" alt=\"demo-attachment-44-Group-582\" loading=\"lazy\" \/><\/div>\n        <\/div>\n    <\/div>\n    \t\t\t\t<\/div>\n\t\t\t\t<\/div>\n\t\t\t\t\t<\/div>\n\t\t<\/div>\n\t\t\t\t\t<\/div>\n\t\t<\/section>\n\t\t\t\t<\/div>\n\t\t","protected":false},"excerpt":{"rendered":"<p>Terms and Conditions of Quotation and Sale #1-24 Click here to download our Terms and Conditions Version 1.2: December, 2021<\/p>\n","protected":false},"author":2,"featured_media":0,"parent":0,"menu_order":0,"comment_status":"closed","ping_status":"closed","template":"","meta":{"content-type":"","footnotes":""},"class_list":["post-5229","page","type-page","status-publish","hentry"],"yoast_head":"<!-- This site is optimized with the Yoast SEO plugin v26.8 - https:\/\/yoast.com\/product\/yoast-seo-wordpress\/ -->\n<title>Terms and Conditions | GPower<\/title>\n<meta name=\"description\" content=\"Want to know more about our terms and conditions of quotation and sale? Please, visit this page.\" \/>\n<meta name=\"robots\" content=\"index, follow, max-snippet:-1, max-image-preview:large, max-video-preview:-1\" \/>\n<link rel=\"canonical\" href=\"https:\/\/gpower.io\/en\/terms-and-conditions-of-quotation-and-sale\/\" \/>\n<meta property=\"og:locale\" content=\"en_US\" \/>\n<meta property=\"og:type\" content=\"article\" \/>\n<meta property=\"og:title\" content=\"Terms and Conditions | GPower\" \/>\n<meta property=\"og:description\" content=\"Want to know more about our terms and conditions of quotation and sale? Please, visit this page.\" \/>\n<meta property=\"og:url\" content=\"https:\/\/gpower.io\/en\/terms-and-conditions-of-quotation-and-sale\/\" \/>\n<meta property=\"og:site_name\" content=\"Nordens f\u00f8rende inden for test- og m\u00e5lesystemer\" \/>\n<meta property=\"article:modified_time\" content=\"2025-08-13T09:04:56+00:00\" \/>\n<meta property=\"og:image\" content=\"https:\/\/gpower.io\/wp-content\/uploads\/2019\/11\/Group-582.svg\" \/>\n<meta name=\"twitter:card\" content=\"summary_large_image\" \/>\n<meta name=\"twitter:label1\" content=\"Est. reading time\" \/>\n\t<meta name=\"twitter:data1\" content=\"21 minutes\" \/>\n<script type=\"application\/ld+json\" class=\"yoast-schema-graph\">{\"@context\":\"https:\/\/schema.org\",\"@graph\":[{\"@type\":\"WebPage\",\"@id\":\"https:\/\/gpower.io\/en\/terms-and-conditions-of-quotation-and-sale\/\",\"url\":\"https:\/\/gpower.io\/en\/terms-and-conditions-of-quotation-and-sale\/\",\"name\":\"Terms and Conditions | GPower\",\"isPartOf\":{\"@id\":\"https:\/\/gpower.io\/en\/#website\"},\"primaryImageOfPage\":{\"@id\":\"https:\/\/gpower.io\/en\/terms-and-conditions-of-quotation-and-sale\/#primaryimage\"},\"image\":{\"@id\":\"https:\/\/gpower.io\/en\/terms-and-conditions-of-quotation-and-sale\/#primaryimage\"},\"thumbnailUrl\":\"https:\/\/gpower.io\/wp-content\/uploads\/2019\/11\/Group-582.svg\",\"datePublished\":\"2021-05-07T08:41:06+00:00\",\"dateModified\":\"2025-08-13T09:04:56+00:00\",\"description\":\"Want to know more about our terms and conditions of quotation and sale? Please, visit this page.\",\"breadcrumb\":{\"@id\":\"https:\/\/gpower.io\/en\/terms-and-conditions-of-quotation-and-sale\/#breadcrumb\"},\"inLanguage\":\"en-US\",\"potentialAction\":[{\"@type\":\"ReadAction\",\"target\":[\"https:\/\/gpower.io\/en\/terms-and-conditions-of-quotation-and-sale\/\"]}]},{\"@type\":\"ImageObject\",\"inLanguage\":\"en-US\",\"@id\":\"https:\/\/gpower.io\/en\/terms-and-conditions-of-quotation-and-sale\/#primaryimage\",\"url\":\"https:\/\/gpower.io\/wp-content\/uploads\/2019\/11\/Group-582.svg\",\"contentUrl\":\"https:\/\/gpower.io\/wp-content\/uploads\/2019\/11\/Group-582.svg\"},{\"@type\":\"BreadcrumbList\",\"@id\":\"https:\/\/gpower.io\/en\/terms-and-conditions-of-quotation-and-sale\/#breadcrumb\",\"itemListElement\":[{\"@type\":\"ListItem\",\"position\":1,\"name\":\"Home\",\"item\":\"https:\/\/gpower.io\/en\/\"},{\"@type\":\"ListItem\",\"position\":2,\"name\":\"Terms and Conditions of Quotation and Sale\"}]},{\"@type\":\"WebSite\",\"@id\":\"https:\/\/gpower.io\/en\/#website\",\"url\":\"https:\/\/gpower.io\/en\/\",\"name\":\"Nordens f\u00f8rende inden for test- og m\u00e5lesystemer\",\"description\":\"Har I brug for assistance inden for test og m\u00e5ling?\",\"publisher\":{\"@id\":\"https:\/\/gpower.io\/en\/#organization\"},\"potentialAction\":[{\"@type\":\"SearchAction\",\"target\":{\"@type\":\"EntryPoint\",\"urlTemplate\":\"https:\/\/gpower.io\/en\/?s={search_term_string}\"},\"query-input\":{\"@type\":\"PropertyValueSpecification\",\"valueRequired\":true,\"valueName\":\"search_term_string\"}}],\"inLanguage\":\"en-US\"},{\"@type\":\"Organization\",\"@id\":\"https:\/\/gpower.io\/en\/#organization\",\"name\":\"GPower\",\"url\":\"https:\/\/gpower.io\/en\/\",\"logo\":{\"@type\":\"ImageObject\",\"inLanguage\":\"en-US\",\"@id\":\"https:\/\/gpower.io\/en\/#\/schema\/logo\/image\/\",\"url\":\"https:\/\/gpower.io\/wp-content\/uploads\/2020\/12\/cropped-cropped-gpower-logo-80px-1.png\",\"contentUrl\":\"https:\/\/gpower.io\/wp-content\/uploads\/2020\/12\/cropped-cropped-gpower-logo-80px-1.png\",\"width\":80,\"height\":80,\"caption\":\"GPower\"},\"image\":{\"@id\":\"https:\/\/gpower.io\/en\/#\/schema\/logo\/image\/\"}}]}<\/script>\n<!-- \/ Yoast SEO plugin. -->","yoast_head_json":{"title":"Terms and Conditions | GPower","description":"Want to know more about our terms and conditions of quotation and sale? Please, visit this page.","robots":{"index":"index","follow":"follow","max-snippet":"max-snippet:-1","max-image-preview":"max-image-preview:large","max-video-preview":"max-video-preview:-1"},"canonical":"https:\/\/gpower.io\/en\/terms-and-conditions-of-quotation-and-sale\/","og_locale":"en_US","og_type":"article","og_title":"Terms and Conditions | GPower","og_description":"Want to know more about our terms and conditions of quotation and sale? Please, visit this page.","og_url":"https:\/\/gpower.io\/en\/terms-and-conditions-of-quotation-and-sale\/","og_site_name":"Nordens f\u00f8rende inden for test- og m\u00e5lesystemer","article_modified_time":"2025-08-13T09:04:56+00:00","og_image":[{"url":"https:\/\/gpower.io\/wp-content\/uploads\/2019\/11\/Group-582.svg","type":"","width":"","height":""}],"twitter_card":"summary_large_image","twitter_misc":{"Est. reading time":"21 minutes"},"schema":{"@context":"https:\/\/schema.org","@graph":[{"@type":"WebPage","@id":"https:\/\/gpower.io\/en\/terms-and-conditions-of-quotation-and-sale\/","url":"https:\/\/gpower.io\/en\/terms-and-conditions-of-quotation-and-sale\/","name":"Terms and Conditions | GPower","isPartOf":{"@id":"https:\/\/gpower.io\/en\/#website"},"primaryImageOfPage":{"@id":"https:\/\/gpower.io\/en\/terms-and-conditions-of-quotation-and-sale\/#primaryimage"},"image":{"@id":"https:\/\/gpower.io\/en\/terms-and-conditions-of-quotation-and-sale\/#primaryimage"},"thumbnailUrl":"https:\/\/gpower.io\/wp-content\/uploads\/2019\/11\/Group-582.svg","datePublished":"2021-05-07T08:41:06+00:00","dateModified":"2025-08-13T09:04:56+00:00","description":"Want to know more about our terms and conditions of quotation and sale? Please, visit this page.","breadcrumb":{"@id":"https:\/\/gpower.io\/en\/terms-and-conditions-of-quotation-and-sale\/#breadcrumb"},"inLanguage":"en-US","potentialAction":[{"@type":"ReadAction","target":["https:\/\/gpower.io\/en\/terms-and-conditions-of-quotation-and-sale\/"]}]},{"@type":"ImageObject","inLanguage":"en-US","@id":"https:\/\/gpower.io\/en\/terms-and-conditions-of-quotation-and-sale\/#primaryimage","url":"https:\/\/gpower.io\/wp-content\/uploads\/2019\/11\/Group-582.svg","contentUrl":"https:\/\/gpower.io\/wp-content\/uploads\/2019\/11\/Group-582.svg"},{"@type":"BreadcrumbList","@id":"https:\/\/gpower.io\/en\/terms-and-conditions-of-quotation-and-sale\/#breadcrumb","itemListElement":[{"@type":"ListItem","position":1,"name":"Home","item":"https:\/\/gpower.io\/en\/"},{"@type":"ListItem","position":2,"name":"Terms and Conditions of Quotation and Sale"}]},{"@type":"WebSite","@id":"https:\/\/gpower.io\/en\/#website","url":"https:\/\/gpower.io\/en\/","name":"Nordens f\u00f8rende inden for test- og m\u00e5lesystemer","description":"Har I brug for assistance inden for test og m\u00e5ling?","publisher":{"@id":"https:\/\/gpower.io\/en\/#organization"},"potentialAction":[{"@type":"SearchAction","target":{"@type":"EntryPoint","urlTemplate":"https:\/\/gpower.io\/en\/?s={search_term_string}"},"query-input":{"@type":"PropertyValueSpecification","valueRequired":true,"valueName":"search_term_string"}}],"inLanguage":"en-US"},{"@type":"Organization","@id":"https:\/\/gpower.io\/en\/#organization","name":"GPower","url":"https:\/\/gpower.io\/en\/","logo":{"@type":"ImageObject","inLanguage":"en-US","@id":"https:\/\/gpower.io\/en\/#\/schema\/logo\/image\/","url":"https:\/\/gpower.io\/wp-content\/uploads\/2020\/12\/cropped-cropped-gpower-logo-80px-1.png","contentUrl":"https:\/\/gpower.io\/wp-content\/uploads\/2020\/12\/cropped-cropped-gpower-logo-80px-1.png","width":80,"height":80,"caption":"GPower"},"image":{"@id":"https:\/\/gpower.io\/en\/#\/schema\/logo\/image\/"}}]}},"_links":{"self":[{"href":"https:\/\/gpower.io\/en\/wp-json\/wp\/v2\/pages\/5229","targetHints":{"allow":["GET"]}}],"collection":[{"href":"https:\/\/gpower.io\/en\/wp-json\/wp\/v2\/pages"}],"about":[{"href":"https:\/\/gpower.io\/en\/wp-json\/wp\/v2\/types\/page"}],"author":[{"embeddable":true,"href":"https:\/\/gpower.io\/en\/wp-json\/wp\/v2\/users\/2"}],"replies":[{"embeddable":true,"href":"https:\/\/gpower.io\/en\/wp-json\/wp\/v2\/comments?post=5229"}],"version-history":[{"count":3,"href":"https:\/\/gpower.io\/en\/wp-json\/wp\/v2\/pages\/5229\/revisions"}],"predecessor-version":[{"id":20668,"href":"https:\/\/gpower.io\/en\/wp-json\/wp\/v2\/pages\/5229\/revisions\/20668"}],"wp:attachment":[{"href":"https:\/\/gpower.io\/en\/wp-json\/wp\/v2\/media?parent=5229"}],"curies":[{"name":"wp","href":"https:\/\/api.w.org\/{rel}","templated":true}]}}