{"id":5207,"date":"2021-05-07T10:35:50","date_gmt":"2021-05-07T08:35:50","guid":{"rendered":"https:\/\/gpower.io\/?page_id=5207"},"modified":"2022-03-17T14:43:22","modified_gmt":"2022-03-17T13:43:22","slug":"gpower-profactory-download-material","status":"publish","type":"page","link":"https:\/\/gpower.io\/en\/products\/profactory\/gpower-profactory-download-material\/","title":{"rendered":"GPower ProFactory: Download Material"},"content":{"rendered":"\t\t<div data-elementor-type=\"wp-page\" data-elementor-id=\"5207\" class=\"elementor elementor-5207 elementor-3210\" data-elementor-post-type=\"page\">\n\t\t\t\t\t\t<section class=\"elementor-section elementor-top-section elementor-element elementor-element-52dbc8d9 elementor-section-boxed elementor-section-height-default elementor-section-height-default\" data-id=\"52dbc8d9\" data-element_type=\"section\">\n\t\t\t\t\t\t<div class=\"elementor-container elementor-column-gap-default\">\n\t\t\t\t\t<div class=\"aux-parallax-section elementor-column elementor-col-100 elementor-top-column elementor-element elementor-element-7873e2d9\" data-id=\"7873e2d9\" data-element_type=\"column\">\n\t\t\t<div class=\"elementor-widget-wrap elementor-element-populated\">\n\t\t\t\t\t\t<div class=\"elementor-element elementor-element-59a57abe elementor-widget elementor-widget-aux_breadcrumbs\" data-id=\"59a57abe\" data-element_type=\"widget\" data-widget_type=\"aux_breadcrumbs.default\">\n\t\t\t\t<div class=\"elementor-widget-container\">\n\t\t\t\t\t<div class=\"aux-elementor-breadcrumbs\"><p class=\"aux-breadcrumbs\"><span class=\"aux-breadcrumb-sep breadcrumb-icon Array\"><\/span><span><a href=\"https:\/\/gpower.io\/en\/\" title=\"Home\">Home<\/a><\/span><\/div>\t\t\t\t<\/div>\n\t\t\t\t<\/div>\n\t\t\t\t\t<\/div>\n\t\t<\/div>\n\t\t\t\t\t<\/div>\n\t\t<\/section>\n\t\t\t\t<section class=\"elementor-section elementor-top-section elementor-element elementor-element-55df7c5d elementor-section-height-min-height elementor-section-boxed elementor-section-height-default elementor-section-items-middle\" data-id=\"55df7c5d\" data-element_type=\"section\" data-settings=\"{&quot;background_background&quot;:&quot;gradient&quot;,&quot;shape_divider_bottom&quot;:&quot;waves&quot;}\">\n\t\t\t\t\t\t\t<div class=\"elementor-background-overlay\"><\/div>\n\t\t\t\t\t\t<div class=\"elementor-shape elementor-shape-bottom\" aria-hidden=\"true\" data-negative=\"false\">\n\t\t\t<svg xmlns=\"http:\/\/www.w3.org\/2000\/svg\" viewBox=\"0 0 1000 100\" preserveAspectRatio=\"none\">\n\t<path class=\"elementor-shape-fill\" d=\"M421.9,6.5c22.6-2.5,51.5,0.4,75.5,5.3c23.6,4.9,70.9,23.5,100.5,35.7c75.8,32.2,133.7,44.5,192.6,49.7\n\tc23.6,2.1,48.7,3.5,103.4-2.5c54.7-6,106.2-25.6,106.2-25.6V0H0v30.3c0,0,72,32.6,158.4,30.5c39.2-0.7,92.8-6.7,134-22.4\n\tc21.2-8.1,52.2-18.2,79.7-24.2C399.3,7.9,411.6,7.5,421.9,6.5z\"\/>\n<\/svg>\t\t<\/div>\n\t\t\t\t\t<div class=\"elementor-container elementor-column-gap-default\">\n\t\t\t\t\t<div class=\"aux-parallax-section elementor-column elementor-col-100 elementor-top-column elementor-element elementor-element-7b04339d\" data-id=\"7b04339d\" data-element_type=\"column\">\n\t\t\t<div class=\"elementor-widget-wrap elementor-element-populated\">\n\t\t\t\t\t\t<div class=\"elementor-element elementor-element-71c55b6f elementor-widget elementor-widget-heading\" data-id=\"71c55b6f\" data-element_type=\"widget\" data-widget_type=\"heading.default\">\n\t\t\t\t<div class=\"elementor-widget-container\">\n\t\t\t\t\t<h1 class=\"elementor-heading-title elementor-size-default\">Download Material\n<\/h1>\t\t\t\t<\/div>\n\t\t\t\t<\/div>\n\t\t\t\t<div class=\"elementor-element elementor-element-143bb6bb elementor-widget elementor-widget-heading\" data-id=\"143bb6bb\" data-element_type=\"widget\" data-widget_type=\"heading.default\">\n\t\t\t\t<div class=\"elementor-widget-container\">\n\t\t\t\t\t<h3 class=\"elementor-heading-title elementor-size-default\">GPower ProFactory<\/h3>\t\t\t\t<\/div>\n\t\t\t\t<\/div>\n\t\t\t\t\t<\/div>\n\t\t<\/div>\n\t\t\t\t\t<\/div>\n\t\t<\/section>\n\t\t\t\t<section class=\"elementor-section elementor-top-section elementor-element elementor-element-40cd145e elementor-reverse-tablet elementor-reverse-mobile elementor-section-boxed elementor-section-height-default elementor-section-height-default\" data-id=\"40cd145e\" data-element_type=\"section\">\n\t\t\t\t\t\t<div class=\"elementor-container elementor-column-gap-wider\">\n\t\t\t\t\t<div class=\"aux-parallax-section elementor-column elementor-col-50 elementor-top-column elementor-element elementor-element-2dd72005\" data-id=\"2dd72005\" data-element_type=\"column\">\n\t\t\t<div class=\"elementor-widget-wrap elementor-element-populated\">\n\t\t\t\t\t\t<div class=\"elementor-element elementor-element-32935565 elementor-widget elementor-widget-aux_modern_heading\" data-id=\"32935565\" data-element_type=\"widget\" data-widget_type=\"aux_modern_heading.default\">\n\t\t\t\t<div class=\"elementor-widget-container\">\n\t\t\t\t\t<section class=\"aux-widget-modern-heading\">\n            <div class=\"aux-widget-inner\"><h2 class=\"aux-modern-heading-primary\"><\/h2><h3 class=\"aux-modern-heading-secondary\"><span class=\"aux-head-before\">Fill in the Form and Download All Material About ProFactory<\/span><\/h3><\/div>\n        <\/section>\t\t\t\t<\/div>\n\t\t\t\t<\/div>\n\t\t\t\t<div class=\"elementor-element elementor-element-264f04cd aux-appear-watch-animation aux-fade-in-right elementor-widget elementor-widget-text-editor\" data-id=\"264f04cd\" data-element_type=\"widget\" data-widget_type=\"text-editor.default\">\n\t\t\t\t<div class=\"elementor-widget-container\">\n\t\t\t\t\t\t\t\t\t<div class=\"aux-bus2-title-divider\">\u00a0<\/div>\n\t\t\t\t\t\t\t\t<\/div>\n\t\t\t\t<\/div>\n\t\t\t\t<div class=\"elementor-element elementor-element-ccb7004 elementor-widget elementor-widget-html\" data-id=\"ccb7004\" data-element_type=\"widget\" data-widget_type=\"html.default\">\n\t\t\t\t<div class=\"elementor-widget-container\">\n\t\t\t\t\t<!--[if lte IE 8]>\n<script charset=\"utf-8\" type=\"text\/javascript\" src=\"\/\/js.hsforms.net\/forms\/v2-legacy.js\"><\/script>\n<![endif]-->\n<script charset=\"utf-8\" type=\"text\/javascript\" src=\"\/\/js.hsforms.net\/forms\/v2.js\"><\/script>\n<script>\n  hbspt.forms.create({\n\tregion: \"na1\",\n\tportalId: \"3881487\",\n\tformId: \"52b48a81-075f-4067-8936-b6aeae6169c2\"\n});\n<\/script>\t\t\t\t<\/div>\n\t\t\t\t<\/div>\n\t\t\t\t<div class=\"elementor-element elementor-element-4c549231 elementor-widget__width-auto elementor-widget-mobile__width-inherit aux-appear-watch-animation aux-fade-in-right-2 elementor-widget elementor-widget-aux_simple_svg\" data-id=\"4c549231\" data-element_type=\"widget\" data-widget_type=\"aux_simple_svg.default\">\n\t\t\t\t<div class=\"elementor-widget-container\">\n\t\t\t\t\t    <div class=\"aux-widget-container aux-simple-svg-container\">\n        <div class=\"aux-widget-container-inner\">\n            <div class=\"aux-the-svg\"><img decoding=\"async\" src=\"https:\/\/gpower.io\/wp-content\/uploads\/2019\/11\/Group-582.svg\" title=\"demo-attachment-44-Group-582\" alt=\"demo-attachment-44-Group-582\" loading=\"lazy\" \/><\/div>\n        <\/div>\n    <\/div>\n    \t\t\t\t<\/div>\n\t\t\t\t<\/div>\n\t\t\t\t\t<\/div>\n\t\t<\/div>\n\t\t\t\t<div class=\"aux-parallax-section elementor-column elementor-col-50 elementor-top-column elementor-element elementor-element-59cc3639\" data-id=\"59cc3639\" data-element_type=\"column\">\n\t\t\t<div class=\"elementor-widget-wrap elementor-element-populated\">\n\t\t\t\t\t\t<div class=\"elementor-element elementor-element-7ff47d3f aux-appear-watch-animation aux-fade-in-left-2 elementor-widget elementor-widget-aux_staff\" data-id=\"7ff47d3f\" data-element_type=\"widget\" data-widget_type=\"aux_staff.default\">\n\t\t\t\t<div class=\"elementor-widget-container\">\n\t\t\t\t\t<section class=\"aux-wrap-style-simple widget-container aux-widget-staff aux-parent-auc4bd8b83\">    <div class=\"aux-staff-container aux-staff-pos- aux-staff-text- aux-staff-text-dark \" >\n            <div class=\"aux-staff-header aux-staff-img-round-rect\">\n            <div class=\"aux-media-image\"><img fetchpriority=\"high\" decoding=\"async\" width=\"1428\" height=\"2000\" src=\"image\/gif;base64,R0lGODlhAQABAIAAAAAAAP\/\/\/yH5BAEAAAAALAAAAAABAAEAAAIBRAA7\" class=\" aux-preload aux-blank\" alt=\"Whitepaper_ProFactory_Rev.2.1\" data-ratio=\"0.71\" data-original-w=\"1428\" data-src=\"https:\/\/gpower.io\/wp-content\/uploads\/2021\/04\/Whitepaper_ProFactory_Rev.2.1.png\" \/><\/div>        <\/div>\n            <div class=\"aux-staff-content\">\n                    <\/div>\n\n    <\/div>\n\n\n<\/section><!-- widget-container -->\t\t\t\t<\/div>\n\t\t\t\t<\/div>\n\t\t\t\t\t<\/div>\n\t\t<\/div>\n\t\t\t\t\t<\/div>\n\t\t<\/section>\n\t\t\t\t<section class=\"elementor-section elementor-top-section elementor-element elementor-element-5973e889 elementor-section-boxed elementor-section-height-default elementor-section-height-default\" data-id=\"5973e889\" data-element_type=\"section\" data-settings=\"{&quot;background_background&quot;:&quot;gradient&quot;,&quot;shape_divider_top&quot;:&quot;waves&quot;}\">\n\t\t\t\t\t\t\t<div class=\"elementor-background-overlay\"><\/div>\n\t\t\t\t\t\t<div class=\"elementor-shape elementor-shape-top\" aria-hidden=\"true\" data-negative=\"false\">\n\t\t\t<svg xmlns=\"http:\/\/www.w3.org\/2000\/svg\" viewBox=\"0 0 1000 100\" preserveAspectRatio=\"none\">\n\t<path class=\"elementor-shape-fill\" d=\"M421.9,6.5c22.6-2.5,51.5,0.4,75.5,5.3c23.6,4.9,70.9,23.5,100.5,35.7c75.8,32.2,133.7,44.5,192.6,49.7\n\tc23.6,2.1,48.7,3.5,103.4-2.5c54.7-6,106.2-25.6,106.2-25.6V0H0v30.3c0,0,72,32.6,158.4,30.5c39.2-0.7,92.8-6.7,134-22.4\n\tc21.2-8.1,52.2-18.2,79.7-24.2C399.3,7.9,411.6,7.5,421.9,6.5z\"\/>\n<\/svg>\t\t<\/div>\n\t\t\t\t\t<div class=\"elementor-container elementor-column-gap-default\">\n\t\t\t\t\t<div class=\"aux-parallax-section elementor-column elementor-col-50 elementor-top-column elementor-element elementor-element-41e18de4\" data-id=\"41e18de4\" data-element_type=\"column\">\n\t\t\t<div class=\"elementor-widget-wrap elementor-element-populated\">\n\t\t\t\t\t\t<div class=\"elementor-element elementor-element-46343d8d elementor-widget elementor-widget-heading\" data-id=\"46343d8d\" data-element_type=\"widget\" data-widget_type=\"heading.default\">\n\t\t\t\t<div class=\"elementor-widget-container\">\n\t\t\t\t\t<h4 class=\"elementor-heading-title elementor-size-default\">Want to Know More about ProFactory?<\/h4>\t\t\t\t<\/div>\n\t\t\t\t<\/div>\n\t\t\t\t<div class=\"elementor-element elementor-element-243c3ed9 elementor-widget elementor-widget-heading\" data-id=\"243c3ed9\" data-element_type=\"widget\" data-widget_type=\"heading.default\">\n\t\t\t\t<div class=\"elementor-widget-container\">\n\t\t\t\t\t<h2 class=\"elementor-heading-title elementor-size-default\">Call or write us<\/h2>\t\t\t\t<\/div>\n\t\t\t\t<\/div>\n\t\t\t\t<div class=\"elementor-element elementor-element-3e3b5209 elementor-mobile-align-center elementor-widget elementor-widget-button\" data-id=\"3e3b5209\" data-element_type=\"widget\" data-widget_type=\"button.default\">\n\t\t\t\t<div class=\"elementor-widget-container\">\n\t\t\t\t\t\t\t\t\t<div class=\"elementor-button-wrapper\">\n\t\t\t\t\t<a class=\"elementor-button elementor-button-link elementor-size-md\" href=\"https:\/\/gpower.io\/en\/contact\/\">\n\t\t\t\t\t\t<span class=\"elementor-button-content-wrapper\">\n\t\t\t\t\t\t<span class=\"elementor-button-icon\">\n\t\t\t\t<svg aria-hidden=\"true\" class=\"e-font-icon-svg e-fas-arrow-right\" viewBox=\"0 0 448 512\" xmlns=\"http:\/\/www.w3.org\/2000\/svg\"><path d=\"M190.5 66.9l22.2-22.2c9.4-9.4 24.6-9.4 33.9 0L441 239c9.4 9.4 9.4 24.6 0 33.9L246.6 467.3c-9.4 9.4-24.6 9.4-33.9 0l-22.2-22.2c-9.5-9.5-9.3-25 .4-34.3L311.4 296H24c-13.3 0-24-10.7-24-24v-32c0-13.3 10.7-24 24-24h287.4L190.9 101.2c-9.8-9.3-10-24.8-.4-34.3z\"><\/path><\/svg>\t\t\t<\/span>\n\t\t\t\t\t\t\t\t\t<span class=\"elementor-button-text\">Contact<\/span>\n\t\t\t\t\t<\/span>\n\t\t\t\t\t<\/a>\n\t\t\t\t<\/div>\n\t\t\t\t\t\t\t\t<\/div>\n\t\t\t\t<\/div>\n\t\t\t\t\t<\/div>\n\t\t<\/div>\n\t\t\t\t<div class=\"aux-parallax-section elementor-column elementor-col-50 elementor-top-column elementor-element elementor-element-69ea670d\" data-id=\"69ea670d\" data-element_type=\"column\">\n\t\t\t<div class=\"elementor-widget-wrap elementor-element-populated\">\n\t\t\t\t\t\t<div class=\"elementor-element elementor-element-620e2ede elementor-widget elementor-widget-image\" data-id=\"620e2ede\" data-element_type=\"widget\" data-settings=\"{&quot;motion_fx_motion_fx_scrolling&quot;:&quot;yes&quot;,&quot;motion_fx_translateY_effect&quot;:&quot;yes&quot;,&quot;motion_fx_translateY_direction&quot;:&quot;negative&quot;,&quot;motion_fx_translateY_speed&quot;:{&quot;unit&quot;:&quot;px&quot;,&quot;size&quot;:&quot;1&quot;,&quot;sizes&quot;:[]},&quot;motion_fx_devices&quot;:[&quot;desktop&quot;,&quot;tablet&quot;],&quot;motion_fx_translateY_affectedRange&quot;:{&quot;unit&quot;:&quot;%&quot;,&quot;size&quot;:&quot;&quot;,&quot;sizes&quot;:{&quot;start&quot;:&quot;0&quot;,&quot;end&quot;:&quot;50&quot;}}}\" data-widget_type=\"image.default\">\n\t\t\t\t<div class=\"elementor-widget-container\">\n\t\t\t\t\t\t\t\t\t\t\t\t\t\t\t<img decoding=\"async\" width=\"2362\" height=\"1718\" src=\"https:\/\/gpower.io\/wp-content\/uploads\/2021\/02\/Profactory.jpg\" class=\"attachment-full size-full wp-image-4779\" alt=\"\" srcset=\"https:\/\/gpower.io\/wp-content\/uploads\/2021\/02\/Profactory.jpg 2362w, https:\/\/gpower.io\/wp-content\/uploads\/2021\/02\/Profactory-1536x1117.jpg 1536w, https:\/\/gpower.io\/wp-content\/uploads\/2021\/02\/Profactory-2048x1490.jpg 2048w, https:\/\/gpower.io\/wp-content\/uploads\/2021\/02\/Profactory-600x436.jpg 600w\" sizes=\"(max-width: 2362px) 100vw, 2362px\" \/>\t\t\t\t\t\t\t\t\t\t\t\t\t\t\t<\/div>\n\t\t\t\t<\/div>\n\t\t\t\t\t<\/div>\n\t\t<\/div>\n\t\t\t\t\t<\/div>\n\t\t<\/section>\n\t\t\t\t<\/div>\n\t\t","protected":false},"excerpt":{"rendered":"<p>Home Download Material GPower ProFactory Fill in the Form and Download All Material About ProFactory Want to Know More about ProFactory? Call or write us Contact<\/p>\n","protected":false},"author":2,"featured_media":5113,"parent":5199,"menu_order":4,"comment_status":"closed","ping_status":"closed","template":"","meta":{"content-type":"","footnotes":""},"class_list":["post-5207","page","type-page","status-publish","has-post-thumbnail","hentry"],"yoast_head":"<!-- This site is optimized with the Yoast SEO plugin v26.8 - https:\/\/yoast.com\/product\/yoast-seo-wordpress\/ -->\n<title>ProFactory | GPower - Download whitepaper<\/title>\n<meta name=\"description\" content=\"Fill in the form and download all material about ProFactory - a modular and scalable test system for all kinds of test execution.\" \/>\n<meta name=\"robots\" content=\"index, follow, max-snippet:-1, max-image-preview:large, max-video-preview:-1\" \/>\n<link rel=\"canonical\" href=\"https:\/\/gpower.io\/en\/products\/profactory\/gpower-profactory-download-material\/\" \/>\n<meta property=\"og:locale\" content=\"en_US\" \/>\n<meta property=\"og:type\" content=\"article\" \/>\n<meta property=\"og:title\" content=\"ProFactory | GPower - Download whitepaper\" \/>\n<meta property=\"og:description\" content=\"Fill in the form and download all material about ProFactory - a modular and scalable test system for all kinds of test execution.\" \/>\n<meta property=\"og:url\" content=\"https:\/\/gpower.io\/en\/products\/profactory\/gpower-profactory-download-material\/\" \/>\n<meta property=\"og:site_name\" content=\"Nordens f\u00f8rende inden for test- og m\u00e5lesystemer\" \/>\n<meta property=\"article:modified_time\" content=\"2022-03-17T13:43:22+00:00\" \/>\n<meta property=\"og:image\" content=\"https:\/\/gpower.io\/wp-content\/uploads\/2021\/04\/Whitepaper_ProFactory_Rev.2.1.png\" \/>\n\t<meta property=\"og:image:width\" content=\"1428\" \/>\n\t<meta property=\"og:image:height\" content=\"2000\" \/>\n\t<meta property=\"og:image:type\" content=\"image\/png\" \/>\n<meta name=\"twitter:card\" content=\"summary_large_image\" \/>\n<meta name=\"twitter:label1\" content=\"Est. reading time\" \/>\n\t<meta name=\"twitter:data1\" content=\"1 minute\" \/>\n<script type=\"application\/ld+json\" class=\"yoast-schema-graph\">{\"@context\":\"https:\/\/schema.org\",\"@graph\":[{\"@type\":\"WebPage\",\"@id\":\"https:\/\/gpower.io\/en\/products\/profactory\/gpower-profactory-download-material\/\",\"url\":\"https:\/\/gpower.io\/en\/products\/profactory\/gpower-profactory-download-material\/\",\"name\":\"ProFactory | GPower - Download whitepaper\",\"isPartOf\":{\"@id\":\"https:\/\/gpower.io\/en\/#website\"},\"primaryImageOfPage\":{\"@id\":\"https:\/\/gpower.io\/en\/products\/profactory\/gpower-profactory-download-material\/#primaryimage\"},\"image\":{\"@id\":\"https:\/\/gpower.io\/en\/products\/profactory\/gpower-profactory-download-material\/#primaryimage\"},\"thumbnailUrl\":\"https:\/\/gpower.io\/wp-content\/uploads\/2021\/04\/Whitepaper_ProFactory_Rev.2.1.png\",\"datePublished\":\"2021-05-07T08:35:50+00:00\",\"dateModified\":\"2022-03-17T13:43:22+00:00\",\"description\":\"Fill in the form and download all material about ProFactory - a modular and scalable test system for all kinds of test execution.\",\"breadcrumb\":{\"@id\":\"https:\/\/gpower.io\/en\/products\/profactory\/gpower-profactory-download-material\/#breadcrumb\"},\"inLanguage\":\"en-US\",\"potentialAction\":[{\"@type\":\"ReadAction\",\"target\":[\"https:\/\/gpower.io\/en\/products\/profactory\/gpower-profactory-download-material\/\"]}]},{\"@type\":\"ImageObject\",\"inLanguage\":\"en-US\",\"@id\":\"https:\/\/gpower.io\/en\/products\/profactory\/gpower-profactory-download-material\/#primaryimage\",\"url\":\"https:\/\/gpower.io\/wp-content\/uploads\/2021\/04\/Whitepaper_ProFactory_Rev.2.1.png\",\"contentUrl\":\"https:\/\/gpower.io\/wp-content\/uploads\/2021\/04\/Whitepaper_ProFactory_Rev.2.1.png\",\"width\":1428,\"height\":2000},{\"@type\":\"BreadcrumbList\",\"@id\":\"https:\/\/gpower.io\/en\/products\/profactory\/gpower-profactory-download-material\/#breadcrumb\",\"itemListElement\":[{\"@type\":\"ListItem\",\"position\":1,\"name\":\"Home\",\"item\":\"https:\/\/gpower.io\/en\/\"},{\"@type\":\"ListItem\",\"position\":2,\"name\":\"Products\",\"item\":\"https:\/\/gpower.io\/en\/products\/\"},{\"@type\":\"ListItem\",\"position\":3,\"name\":\"GPower ProFactory\",\"item\":\"https:\/\/gpower.io\/en\/products\/profactory\/\"},{\"@type\":\"ListItem\",\"position\":4,\"name\":\"GPower ProFactory: Download Material\"}]},{\"@type\":\"WebSite\",\"@id\":\"https:\/\/gpower.io\/en\/#website\",\"url\":\"https:\/\/gpower.io\/en\/\",\"name\":\"Nordens f\u00f8rende inden for test- og m\u00e5lesystemer\",\"description\":\"Har I brug for assistance inden for test og m\u00e5ling?\",\"publisher\":{\"@id\":\"https:\/\/gpower.io\/en\/#organization\"},\"potentialAction\":[{\"@type\":\"SearchAction\",\"target\":{\"@type\":\"EntryPoint\",\"urlTemplate\":\"https:\/\/gpower.io\/en\/?s={search_term_string}\"},\"query-input\":{\"@type\":\"PropertyValueSpecification\",\"valueRequired\":true,\"valueName\":\"search_term_string\"}}],\"inLanguage\":\"en-US\"},{\"@type\":\"Organization\",\"@id\":\"https:\/\/gpower.io\/en\/#organization\",\"name\":\"GPower\",\"url\":\"https:\/\/gpower.io\/en\/\",\"logo\":{\"@type\":\"ImageObject\",\"inLanguage\":\"en-US\",\"@id\":\"https:\/\/gpower.io\/en\/#\/schema\/logo\/image\/\",\"url\":\"https:\/\/gpower.io\/wp-content\/uploads\/2020\/12\/cropped-cropped-gpower-logo-80px-1.png\",\"contentUrl\":\"https:\/\/gpower.io\/wp-content\/uploads\/2020\/12\/cropped-cropped-gpower-logo-80px-1.png\",\"width\":80,\"height\":80,\"caption\":\"GPower\"},\"image\":{\"@id\":\"https:\/\/gpower.io\/en\/#\/schema\/logo\/image\/\"}}]}<\/script>\n<!-- \/ Yoast SEO plugin. -->","yoast_head_json":{"title":"ProFactory | GPower - Download whitepaper","description":"Fill in the form and download all material about ProFactory - a modular and scalable test system for all kinds of test execution.","robots":{"index":"index","follow":"follow","max-snippet":"max-snippet:-1","max-image-preview":"max-image-preview:large","max-video-preview":"max-video-preview:-1"},"canonical":"https:\/\/gpower.io\/en\/products\/profactory\/gpower-profactory-download-material\/","og_locale":"en_US","og_type":"article","og_title":"ProFactory | GPower - Download whitepaper","og_description":"Fill in the form and download all material about ProFactory - a modular and scalable test system for all kinds of test execution.","og_url":"https:\/\/gpower.io\/en\/products\/profactory\/gpower-profactory-download-material\/","og_site_name":"Nordens f\u00f8rende inden for test- og m\u00e5lesystemer","article_modified_time":"2022-03-17T13:43:22+00:00","og_image":[{"width":1428,"height":2000,"url":"https:\/\/gpower.io\/wp-content\/uploads\/2021\/04\/Whitepaper_ProFactory_Rev.2.1.png","type":"image\/png"}],"twitter_card":"summary_large_image","twitter_misc":{"Est. reading time":"1 minute"},"schema":{"@context":"https:\/\/schema.org","@graph":[{"@type":"WebPage","@id":"https:\/\/gpower.io\/en\/products\/profactory\/gpower-profactory-download-material\/","url":"https:\/\/gpower.io\/en\/products\/profactory\/gpower-profactory-download-material\/","name":"ProFactory | GPower - Download whitepaper","isPartOf":{"@id":"https:\/\/gpower.io\/en\/#website"},"primaryImageOfPage":{"@id":"https:\/\/gpower.io\/en\/products\/profactory\/gpower-profactory-download-material\/#primaryimage"},"image":{"@id":"https:\/\/gpower.io\/en\/products\/profactory\/gpower-profactory-download-material\/#primaryimage"},"thumbnailUrl":"https:\/\/gpower.io\/wp-content\/uploads\/2021\/04\/Whitepaper_ProFactory_Rev.2.1.png","datePublished":"2021-05-07T08:35:50+00:00","dateModified":"2022-03-17T13:43:22+00:00","description":"Fill in the form and download all material about ProFactory - a modular and scalable test system for all kinds of test execution.","breadcrumb":{"@id":"https:\/\/gpower.io\/en\/products\/profactory\/gpower-profactory-download-material\/#breadcrumb"},"inLanguage":"en-US","potentialAction":[{"@type":"ReadAction","target":["https:\/\/gpower.io\/en\/products\/profactory\/gpower-profactory-download-material\/"]}]},{"@type":"ImageObject","inLanguage":"en-US","@id":"https:\/\/gpower.io\/en\/products\/profactory\/gpower-profactory-download-material\/#primaryimage","url":"https:\/\/gpower.io\/wp-content\/uploads\/2021\/04\/Whitepaper_ProFactory_Rev.2.1.png","contentUrl":"https:\/\/gpower.io\/wp-content\/uploads\/2021\/04\/Whitepaper_ProFactory_Rev.2.1.png","width":1428,"height":2000},{"@type":"BreadcrumbList","@id":"https:\/\/gpower.io\/en\/products\/profactory\/gpower-profactory-download-material\/#breadcrumb","itemListElement":[{"@type":"ListItem","position":1,"name":"Home","item":"https:\/\/gpower.io\/en\/"},{"@type":"ListItem","position":2,"name":"Products","item":"https:\/\/gpower.io\/en\/products\/"},{"@type":"ListItem","position":3,"name":"GPower ProFactory","item":"https:\/\/gpower.io\/en\/products\/profactory\/"},{"@type":"ListItem","position":4,"name":"GPower ProFactory: Download Material"}]},{"@type":"WebSite","@id":"https:\/\/gpower.io\/en\/#website","url":"https:\/\/gpower.io\/en\/","name":"Nordens f\u00f8rende inden for test- og m\u00e5lesystemer","description":"Har I brug for assistance inden for test og m\u00e5ling?","publisher":{"@id":"https:\/\/gpower.io\/en\/#organization"},"potentialAction":[{"@type":"SearchAction","target":{"@type":"EntryPoint","urlTemplate":"https:\/\/gpower.io\/en\/?s={search_term_string}"},"query-input":{"@type":"PropertyValueSpecification","valueRequired":true,"valueName":"search_term_string"}}],"inLanguage":"en-US"},{"@type":"Organization","@id":"https:\/\/gpower.io\/en\/#organization","name":"GPower","url":"https:\/\/gpower.io\/en\/","logo":{"@type":"ImageObject","inLanguage":"en-US","@id":"https:\/\/gpower.io\/en\/#\/schema\/logo\/image\/","url":"https:\/\/gpower.io\/wp-content\/uploads\/2020\/12\/cropped-cropped-gpower-logo-80px-1.png","contentUrl":"https:\/\/gpower.io\/wp-content\/uploads\/2020\/12\/cropped-cropped-gpower-logo-80px-1.png","width":80,"height":80,"caption":"GPower"},"image":{"@id":"https:\/\/gpower.io\/en\/#\/schema\/logo\/image\/"}}]}},"_links":{"self":[{"href":"https:\/\/gpower.io\/en\/wp-json\/wp\/v2\/pages\/5207","targetHints":{"allow":["GET"]}}],"collection":[{"href":"https:\/\/gpower.io\/en\/wp-json\/wp\/v2\/pages"}],"about":[{"href":"https:\/\/gpower.io\/en\/wp-json\/wp\/v2\/types\/page"}],"author":[{"embeddable":true,"href":"https:\/\/gpower.io\/en\/wp-json\/wp\/v2\/users\/2"}],"replies":[{"embeddable":true,"href":"https:\/\/gpower.io\/en\/wp-json\/wp\/v2\/comments?post=5207"}],"version-history":[{"count":0,"href":"https:\/\/gpower.io\/en\/wp-json\/wp\/v2\/pages\/5207\/revisions"}],"up":[{"embeddable":true,"href":"https:\/\/gpower.io\/en\/wp-json\/wp\/v2\/pages\/5199"}],"wp:featuredmedia":[{"embeddable":true,"href":"https:\/\/gpower.io\/en\/wp-json\/wp\/v2\/media\/5113"}],"wp:attachment":[{"href":"https:\/\/gpower.io\/en\/wp-json\/wp\/v2\/media?parent=5207"}],"curies":[{"name":"wp","href":"https:\/\/api.w.org\/{rel}","templated":true}]}}