{"id":5183,"date":"2021-05-07T10:31:23","date_gmt":"2021-05-07T08:31:23","guid":{"rendered":"https:\/\/gpower.io\/?page_id=5183"},"modified":"2022-03-29T11:33:40","modified_gmt":"2022-03-29T09:33:40","slug":"cookie-policy","status":"publish","type":"page","link":"https:\/\/gpower.io\/en\/cookie-policy\/","title":{"rendered":"Cookie Policy"},"content":{"rendered":"\t\t<div data-elementor-type=\"wp-page\" data-elementor-id=\"5183\" class=\"elementor elementor-5183 elementor-3296\" data-elementor-post-type=\"page\">\n\t\t\t\t\t\t<section class=\"elementor-section elementor-top-section elementor-element elementor-element-64e269fd elementor-section-height-min-height elementor-section-boxed elementor-section-height-default elementor-section-items-middle\" data-id=\"64e269fd\" data-element_type=\"section\" data-settings=\"{&quot;background_background&quot;:&quot;gradient&quot;,&quot;shape_divider_bottom&quot;:&quot;waves&quot;}\">\n\t\t\t\t\t\t\t<div class=\"elementor-background-overlay\"><\/div>\n\t\t\t\t\t\t<div class=\"elementor-shape elementor-shape-bottom\" aria-hidden=\"true\" data-negative=\"false\">\n\t\t\t<svg xmlns=\"http:\/\/www.w3.org\/2000\/svg\" viewBox=\"0 0 1000 100\" preserveAspectRatio=\"none\">\n\t<path class=\"elementor-shape-fill\" d=\"M421.9,6.5c22.6-2.5,51.5,0.4,75.5,5.3c23.6,4.9,70.9,23.5,100.5,35.7c75.8,32.2,133.7,44.5,192.6,49.7\n\tc23.6,2.1,48.7,3.5,103.4-2.5c54.7-6,106.2-25.6,106.2-25.6V0H0v30.3c0,0,72,32.6,158.4,30.5c39.2-0.7,92.8-6.7,134-22.4\n\tc21.2-8.1,52.2-18.2,79.7-24.2C399.3,7.9,411.6,7.5,421.9,6.5z\"\/>\n<\/svg>\t\t<\/div>\n\t\t\t\t\t<div class=\"elementor-container elementor-column-gap-default\">\n\t\t\t\t\t<div class=\"aux-parallax-section elementor-column elementor-col-100 elementor-top-column elementor-element elementor-element-6358560f\" data-id=\"6358560f\" data-element_type=\"column\">\n\t\t\t<div class=\"elementor-widget-wrap elementor-element-populated\">\n\t\t\t\t\t\t<div class=\"elementor-element elementor-element-39546294 elementor-widget elementor-widget-heading\" data-id=\"39546294\" data-element_type=\"widget\" data-widget_type=\"heading.default\">\n\t\t\t\t<div class=\"elementor-widget-container\">\n\t\t\t\t\t<h1 class=\"elementor-heading-title elementor-size-default\">GPower's Cookie Policy\n<\/h1>\t\t\t\t<\/div>\n\t\t\t\t<\/div>\n\t\t\t\t<div class=\"elementor-element elementor-element-8d44c75 elementor-widget elementor-widget-heading\" data-id=\"8d44c75\" data-element_type=\"widget\" data-widget_type=\"heading.default\">\n\t\t\t\t<div class=\"elementor-widget-container\">\n\t\t\t\t\t<h3 class=\"elementor-heading-title elementor-size-default\">How Do We Collect Personal Data?\n<\/h3>\t\t\t\t<\/div>\n\t\t\t\t<\/div>\n\t\t\t\t\t<\/div>\n\t\t<\/div>\n\t\t\t\t\t<\/div>\n\t\t<\/section>\n\t\t\t\t<section class=\"elementor-section elementor-top-section elementor-element elementor-element-6db0c750 elementor-reverse-tablet elementor-reverse-mobile elementor-section-boxed elementor-section-height-default elementor-section-height-default\" data-id=\"6db0c750\" data-element_type=\"section\" data-settings=\"{&quot;background_background&quot;:&quot;classic&quot;}\">\n\t\t\t\t\t\t<div class=\"elementor-container elementor-column-gap-wider\">\n\t\t\t\t\t<div class=\"aux-parallax-section elementor-column elementor-col-100 elementor-top-column elementor-element elementor-element-70283f91\" data-id=\"70283f91\" data-element_type=\"column\">\n\t\t\t<div class=\"elementor-widget-wrap elementor-element-populated\">\n\t\t\t\t\t\t<div class=\"elementor-element elementor-element-c6d3339 elementor-widget elementor-widget-heading\" data-id=\"c6d3339\" data-element_type=\"widget\" data-widget_type=\"heading.default\">\n\t\t\t\t<div class=\"elementor-widget-container\">\n\t\t\t\t\t<h2 class=\"elementor-heading-title elementor-size-default\">When you visit our website, a series of information will be collected by means of cookies. Below, you can read more about how we process the information, and what the information will be used for.\n<\/h2>\t\t\t\t<\/div>\n\t\t\t\t<\/div>\n\t\t\t\t<div class=\"elementor-element elementor-element-5dd85f3 elementor-widget elementor-widget-spacer\" data-id=\"5dd85f3\" data-element_type=\"widget\" data-widget_type=\"spacer.default\">\n\t\t\t\t<div class=\"elementor-widget-container\">\n\t\t\t\t\t\t\t<div class=\"elementor-spacer\">\n\t\t\t<div class=\"elementor-spacer-inner\"><\/div>\n\t\t<\/div>\n\t\t\t\t\t\t<\/div>\n\t\t\t\t<\/div>\n\t\t\t\t<div class=\"elementor-element elementor-element-f0e3034 elementor-widget elementor-widget-heading\" data-id=\"f0e3034\" data-element_type=\"widget\" data-widget_type=\"heading.default\">\n\t\t\t\t<div class=\"elementor-widget-container\">\n\t\t\t\t\t<div class=\"elementor-heading-title elementor-size-default\">What Is a Cookie, and What Do We Use Cookies for?\n<\/div>\t\t\t\t<\/div>\n\t\t\t\t<\/div>\n\t\t\t\t<div class=\"elementor-element elementor-element-e0a01df elementor-widget elementor-widget-text-editor\" data-id=\"e0a01df\" data-element_type=\"widget\" data-widget_type=\"text-editor.default\">\n\t\t\t\t<div class=\"elementor-widget-container\">\n\t\t\t\t\t\t\t\t\t<p>A cookie is a small text file stored in your browser to recognize your computer, mobile phone, etc. by recurrent visits. Cookies include information about user behavior and user information that we use to improve the user experience and to target ads.<\/p>\t\t\t\t\t\t\t\t<\/div>\n\t\t\t\t<\/div>\n\t\t\t\t<div class=\"elementor-element elementor-element-15c003e elementor-widget elementor-widget-heading\" data-id=\"15c003e\" data-element_type=\"widget\" data-widget_type=\"heading.default\">\n\t\t\t\t<div class=\"elementor-widget-container\">\n\t\t\t\t\t<div class=\"elementor-heading-title elementor-size-default\">How Do We Collect Personal Data?\n<\/div>\t\t\t\t<\/div>\n\t\t\t\t<\/div>\n\t\t\t\t<div class=\"elementor-element elementor-element-4daa510 elementor-widget elementor-widget-text-editor\" data-id=\"4daa510\" data-element_type=\"widget\" data-widget_type=\"text-editor.default\">\n\t\t\t\t<div class=\"elementor-widget-container\">\n\t\t\t\t\t\t\t\t\t<p>We collect personal data from HubSpot and Google meaning that these collaborators receive information about page views, geographic location, IP addresses, etc. sent from our website. The collaboration with HubSpot and Google means, moreover, that we use a series of third-party services for our website.<\/p>\t\t\t\t\t\t\t\t<\/div>\n\t\t\t\t<\/div>\n\t\t\t\t<div class=\"elementor-element elementor-element-0eac727 elementor-widget elementor-widget-heading\" data-id=\"0eac727\" data-element_type=\"widget\" data-widget_type=\"heading.default\">\n\t\t\t\t<div class=\"elementor-widget-container\">\n\t\t\t\t\t<div class=\"elementor-heading-title elementor-size-default\">Protection of Personal Data\n<\/div>\t\t\t\t<\/div>\n\t\t\t\t<\/div>\n\t\t\t\t<div class=\"elementor-element elementor-element-9612ca0 elementor-widget elementor-widget-text-editor\" data-id=\"9612ca0\" data-element_type=\"widget\" data-widget_type=\"text-editor.default\">\n\t\t\t\t<div class=\"elementor-widget-container\">\n\t\t\t\t\t\t\t\t\t<p>According to legislation, personal data must be kept safe and confidential. In this regard, we store your personal information on computers with limited access. Furthermore, our security measures are continuously monitored to ensure that our user information will be handled properly. However, we cannot guarantee 100 percent security for data transmissions by the internet.<\/p><p>The ongoing development of the internet means also that changes in our processing of personal data may become necessary. Therefore, we reserve the right to update and modify our cookie policy. If this is the case, we will correct the date at the bottom of the page.<\/p>\t\t\t\t\t\t\t\t<\/div>\n\t\t\t\t<\/div>\n\t\t\t\t<div class=\"elementor-element elementor-element-06d2ba3 elementor-widget elementor-widget-heading\" data-id=\"06d2ba3\" data-element_type=\"widget\" data-widget_type=\"heading.default\">\n\t\t\t\t<div class=\"elementor-widget-container\">\n\t\t\t\t\t<div class=\"elementor-heading-title elementor-size-default\">Delete Cookies\n<\/div>\t\t\t\t<\/div>\n\t\t\t\t<\/div>\n\t\t\t\t<div class=\"elementor-element elementor-element-f1d9c9c elementor-widget elementor-widget-text-editor\" data-id=\"f1d9c9c\" data-element_type=\"widget\" data-widget_type=\"text-editor.default\">\n\t\t\t\t<div class=\"elementor-widget-container\">\n\t\t\t\t\t\t\t\t\t<p>If you do not wish that we collect your personal data, you should delete your cookies and avoid further use of the site. See the guide here:\u00a0<a href=\"http:\/\/minecookies.org\/cookiehandtering\">http:\/\/minecookies.org\/cookiehandtering.<\/a><\/p>\t\t\t\t\t\t\t\t<\/div>\n\t\t\t\t<\/div>\n\t\t\t\t<div class=\"elementor-element elementor-element-18f105f elementor-widget elementor-widget-heading\" data-id=\"18f105f\" data-element_type=\"widget\" data-widget_type=\"heading.default\">\n\t\t\t\t<div class=\"elementor-widget-container\">\n\t\t\t\t\t<div class=\"elementor-heading-title elementor-size-default\">Unsubscribe From Our Newsletter\n<\/div>\t\t\t\t<\/div>\n\t\t\t\t<\/div>\n\t\t\t\t<div class=\"elementor-element elementor-element-f9ed80a elementor-widget elementor-widget-text-editor\" data-id=\"f9ed80a\" data-element_type=\"widget\" data-widget_type=\"text-editor.default\">\n\t\t\t\t<div class=\"elementor-widget-container\">\n\t\t\t\t\t\t\t\t\t<p>If you want to unsubscribe from our newsletter, please click\u00a0<a href=\"http:\/\/info.gpower.io\/hs\/manage-preferences\/unsubscribe-simple?via_redirect=true\">here<\/a>\u00a0or send an email to\u00a0<a href=\"mailto:gbs@gpower.io\">gbs@gpower.io<\/a>.<\/p>\t\t\t\t\t\t\t\t<\/div>\n\t\t\t\t<\/div>\n\t\t\t\t<div class=\"elementor-element elementor-element-4981870 elementor-widget elementor-widget-heading\" data-id=\"4981870\" data-element_type=\"widget\" data-widget_type=\"heading.default\">\n\t\t\t\t<div class=\"elementor-widget-container\">\n\t\t\t\t\t<div class=\"elementor-heading-title elementor-size-default\">Contact Information\n<\/div>\t\t\t\t<\/div>\n\t\t\t\t<\/div>\n\t\t\t\t<div class=\"elementor-element elementor-element-ed71c5e elementor-widget elementor-widget-text-editor\" data-id=\"ed71c5e\" data-element_type=\"widget\" data-widget_type=\"text-editor.default\">\n\t\t\t\t<div class=\"elementor-widget-container\">\n\t\t\t\t\t\t\t\t\t<div class=\"elementor-element elementor-element-65203f3 elementor-widget elementor-widget-aux_modern_heading\" data-id=\"65203f3\" data-element_type=\"widget\" data-widget_type=\"aux_modern_heading.default\"><div class=\"elementor-widget-container\"><section class=\"aux-widget-modern-heading\"><div class=\"aux-widget-inner\"><div class=\"aux-modern-heading-description\"><div class=\"wpb_text_column wpb_content_element vc_custom_1539590534957\"><div class=\"wpb_wrapper\"><p>Contact us\u00a0<a href=\"https:\/\/gpower.io\/en\/contact\/\">here<\/a>\u00a0for more information about our cookie policy.<\/p><\/div><\/div><\/div><\/div><\/section><\/div><\/div><div class=\"elementor-element elementor-element-f6b20f3 elementor-widget elementor-widget-text-editor\" data-id=\"f6b20f3\" data-element_type=\"widget\" data-widget_type=\"text-editor.default\"><div class=\"elementor-widget-container\"><div class=\"elementor-text-editor elementor-clearfix\">\u00a0<\/div><\/div><\/div>\t\t\t\t\t\t\t\t<\/div>\n\t\t\t\t<\/div>\n\t\t\t\t<div class=\"elementor-element elementor-element-f6b20f3 elementor-widget elementor-widget-text-editor\" data-id=\"f6b20f3\" data-element_type=\"widget\" data-widget_type=\"text-editor.default\">\n\t\t\t\t<div class=\"elementor-widget-container\">\n\t\t\t\t\t\t\t\t\t<main id=\"content\" class=\"content\"><div class=\"container\"><article id=\"post-70491\" class=\"post post-70491 page type-page status-publish hentry\"><div class=\"entry-content\"><div class=\"vc_row wpb_row vc_row-fluid rella-row-shadowbox-60b59cf39d02a vc_row-o-equal-height vc_row-o-content-top vc_row-flex\" data-row-brightness=\"light\"><div class=\"wpb_column vc_column_container vc_col-sm-12 rella-column-responsive-60b59cf39d1ce\"><div class=\"vc_column-inner \"><div class=\"wpb_wrapper\"><div class=\"wpb_text_column wpb_content_element  vc_custom_1539590941953\"><div class=\"wpb_wrapper\"><p>Last updated on July 18, 2018.<\/p><\/div><\/div><\/div><\/div><\/div><\/div><\/div><\/article><\/div><\/main><p><em>\u00a0<\/em><\/p>\t\t\t\t\t\t\t\t<\/div>\n\t\t\t\t<\/div>\n\t\t\t\t<div class=\"elementor-element elementor-element-2534a31 elementor-widget elementor-widget-spacer\" data-id=\"2534a31\" data-element_type=\"widget\" data-widget_type=\"spacer.default\">\n\t\t\t\t<div class=\"elementor-widget-container\">\n\t\t\t\t\t\t\t<div class=\"elementor-spacer\">\n\t\t\t<div class=\"elementor-spacer-inner\"><\/div>\n\t\t<\/div>\n\t\t\t\t\t\t<\/div>\n\t\t\t\t<\/div>\n\t\t\t\t<div class=\"elementor-element elementor-element-60455703 elementor-widget__width-auto elementor-widget-mobile__width-inherit aux-appear-watch-animation aux-fade-in-right-2 elementor-widget elementor-widget-aux_simple_svg\" data-id=\"60455703\" data-element_type=\"widget\" data-widget_type=\"aux_simple_svg.default\">\n\t\t\t\t<div class=\"elementor-widget-container\">\n\t\t\t\t\t    <div class=\"aux-widget-container aux-simple-svg-container\">\n        <div class=\"aux-widget-container-inner\">\n            <div class=\"aux-the-svg\"><img decoding=\"async\" src=\"https:\/\/gpower.io\/wp-content\/uploads\/2019\/11\/Group-582.svg\" title=\"demo-attachment-44-Group-582\" alt=\"demo-attachment-44-Group-582\" loading=\"lazy\" \/><\/div>\n        <\/div>\n    <\/div>\n    \t\t\t\t<\/div>\n\t\t\t\t<\/div>\n\t\t\t\t\t<\/div>\n\t\t<\/div>\n\t\t\t\t\t<\/div>\n\t\t<\/section>\n\t\t\t\t<\/div>\n\t\t","protected":false},"excerpt":{"rendered":"<p>GPower&#8217;s Cookie Policy How Do We Collect Personal Data? When you visit our website, a series of information will be collected by means of cookies. Below, you can read more about how we process the information, and what the information will be used for. What Is a Cookie, and What Do We Use Cookies for? [&hellip;]<\/p>\n","protected":false},"author":2,"featured_media":0,"parent":0,"menu_order":0,"comment_status":"closed","ping_status":"closed","template":"","meta":{"content-type":"","footnotes":""},"class_list":["post-5183","page","type-page","status-publish","hentry"],"yoast_head":"<!-- This site is optimized with the Yoast SEO plugin v26.8 - https:\/\/yoast.com\/product\/yoast-seo-wordpress\/ -->\n<title>Cookie Policy | GPower - How Do We Collect Personal Data?<\/title>\n<meta name=\"description\" content=\"When you visit our website, a series of information will be collected by means of cookies. Read more by visiting this page.\" \/>\n<meta name=\"robots\" content=\"index, follow, max-snippet:-1, max-image-preview:large, max-video-preview:-1\" \/>\n<link rel=\"canonical\" href=\"https:\/\/gpower.io\/en\/cookie-policy\/\" \/>\n<meta property=\"og:locale\" content=\"en_US\" \/>\n<meta property=\"og:type\" content=\"article\" \/>\n<meta property=\"og:title\" content=\"Cookie Policy | GPower - How Do We Collect Personal Data?\" \/>\n<meta property=\"og:description\" content=\"When you visit our website, a series of information will be collected by means of cookies. Read more by visiting this page.\" \/>\n<meta property=\"og:url\" content=\"https:\/\/gpower.io\/en\/cookie-policy\/\" \/>\n<meta property=\"og:site_name\" content=\"Nordens f\u00f8rende inden for test- og m\u00e5lesystemer\" \/>\n<meta property=\"article:modified_time\" content=\"2022-03-29T09:33:40+00:00\" \/>\n<meta property=\"og:image\" content=\"https:\/\/gpower.io\/wp-content\/uploads\/2019\/11\/Group-582.svg\" \/>\n<meta name=\"twitter:card\" content=\"summary_large_image\" \/>\n<meta name=\"twitter:label1\" content=\"Est. reading time\" \/>\n\t<meta name=\"twitter:data1\" content=\"2 minutes\" \/>\n<script type=\"application\/ld+json\" class=\"yoast-schema-graph\">{\"@context\":\"https:\/\/schema.org\",\"@graph\":[{\"@type\":\"WebPage\",\"@id\":\"https:\/\/gpower.io\/en\/cookie-policy\/\",\"url\":\"https:\/\/gpower.io\/en\/cookie-policy\/\",\"name\":\"Cookie Policy | GPower - How Do We Collect Personal Data?\",\"isPartOf\":{\"@id\":\"https:\/\/gpower.io\/en\/#website\"},\"primaryImageOfPage\":{\"@id\":\"https:\/\/gpower.io\/en\/cookie-policy\/#primaryimage\"},\"image\":{\"@id\":\"https:\/\/gpower.io\/en\/cookie-policy\/#primaryimage\"},\"thumbnailUrl\":\"https:\/\/gpower.io\/wp-content\/uploads\/2019\/11\/Group-582.svg\",\"datePublished\":\"2021-05-07T08:31:23+00:00\",\"dateModified\":\"2022-03-29T09:33:40+00:00\",\"description\":\"When you visit our website, a series of information will be collected by means of cookies. Read more by visiting this page.\",\"breadcrumb\":{\"@id\":\"https:\/\/gpower.io\/en\/cookie-policy\/#breadcrumb\"},\"inLanguage\":\"en-US\",\"potentialAction\":[{\"@type\":\"ReadAction\",\"target\":[\"https:\/\/gpower.io\/en\/cookie-policy\/\"]}]},{\"@type\":\"ImageObject\",\"inLanguage\":\"en-US\",\"@id\":\"https:\/\/gpower.io\/en\/cookie-policy\/#primaryimage\",\"url\":\"https:\/\/gpower.io\/wp-content\/uploads\/2019\/11\/Group-582.svg\",\"contentUrl\":\"https:\/\/gpower.io\/wp-content\/uploads\/2019\/11\/Group-582.svg\"},{\"@type\":\"BreadcrumbList\",\"@id\":\"https:\/\/gpower.io\/en\/cookie-policy\/#breadcrumb\",\"itemListElement\":[{\"@type\":\"ListItem\",\"position\":1,\"name\":\"Home\",\"item\":\"https:\/\/gpower.io\/en\/\"},{\"@type\":\"ListItem\",\"position\":2,\"name\":\"Cookie Policy\"}]},{\"@type\":\"WebSite\",\"@id\":\"https:\/\/gpower.io\/en\/#website\",\"url\":\"https:\/\/gpower.io\/en\/\",\"name\":\"Nordens f\u00f8rende inden for test- og m\u00e5lesystemer\",\"description\":\"Har I brug for assistance inden for test og m\u00e5ling?\",\"publisher\":{\"@id\":\"https:\/\/gpower.io\/en\/#organization\"},\"potentialAction\":[{\"@type\":\"SearchAction\",\"target\":{\"@type\":\"EntryPoint\",\"urlTemplate\":\"https:\/\/gpower.io\/en\/?s={search_term_string}\"},\"query-input\":{\"@type\":\"PropertyValueSpecification\",\"valueRequired\":true,\"valueName\":\"search_term_string\"}}],\"inLanguage\":\"en-US\"},{\"@type\":\"Organization\",\"@id\":\"https:\/\/gpower.io\/en\/#organization\",\"name\":\"GPower\",\"url\":\"https:\/\/gpower.io\/en\/\",\"logo\":{\"@type\":\"ImageObject\",\"inLanguage\":\"en-US\",\"@id\":\"https:\/\/gpower.io\/en\/#\/schema\/logo\/image\/\",\"url\":\"https:\/\/gpower.io\/wp-content\/uploads\/2020\/12\/cropped-cropped-gpower-logo-80px-1.png\",\"contentUrl\":\"https:\/\/gpower.io\/wp-content\/uploads\/2020\/12\/cropped-cropped-gpower-logo-80px-1.png\",\"width\":80,\"height\":80,\"caption\":\"GPower\"},\"image\":{\"@id\":\"https:\/\/gpower.io\/en\/#\/schema\/logo\/image\/\"}}]}<\/script>\n<!-- \/ Yoast SEO plugin. -->","yoast_head_json":{"title":"Cookie Policy | GPower - How Do We Collect Personal Data?","description":"When you visit our website, a series of information will be collected by means of cookies. Read more by visiting this page.","robots":{"index":"index","follow":"follow","max-snippet":"max-snippet:-1","max-image-preview":"max-image-preview:large","max-video-preview":"max-video-preview:-1"},"canonical":"https:\/\/gpower.io\/en\/cookie-policy\/","og_locale":"en_US","og_type":"article","og_title":"Cookie Policy | GPower - How Do We Collect Personal Data?","og_description":"When you visit our website, a series of information will be collected by means of cookies. Read more by visiting this page.","og_url":"https:\/\/gpower.io\/en\/cookie-policy\/","og_site_name":"Nordens f\u00f8rende inden for test- og m\u00e5lesystemer","article_modified_time":"2022-03-29T09:33:40+00:00","og_image":[{"url":"https:\/\/gpower.io\/wp-content\/uploads\/2019\/11\/Group-582.svg","type":"","width":"","height":""}],"twitter_card":"summary_large_image","twitter_misc":{"Est. reading time":"2 minutes"},"schema":{"@context":"https:\/\/schema.org","@graph":[{"@type":"WebPage","@id":"https:\/\/gpower.io\/en\/cookie-policy\/","url":"https:\/\/gpower.io\/en\/cookie-policy\/","name":"Cookie Policy | GPower - How Do We Collect Personal Data?","isPartOf":{"@id":"https:\/\/gpower.io\/en\/#website"},"primaryImageOfPage":{"@id":"https:\/\/gpower.io\/en\/cookie-policy\/#primaryimage"},"image":{"@id":"https:\/\/gpower.io\/en\/cookie-policy\/#primaryimage"},"thumbnailUrl":"https:\/\/gpower.io\/wp-content\/uploads\/2019\/11\/Group-582.svg","datePublished":"2021-05-07T08:31:23+00:00","dateModified":"2022-03-29T09:33:40+00:00","description":"When you visit our website, a series of information will be collected by means of cookies. Read more by visiting this page.","breadcrumb":{"@id":"https:\/\/gpower.io\/en\/cookie-policy\/#breadcrumb"},"inLanguage":"en-US","potentialAction":[{"@type":"ReadAction","target":["https:\/\/gpower.io\/en\/cookie-policy\/"]}]},{"@type":"ImageObject","inLanguage":"en-US","@id":"https:\/\/gpower.io\/en\/cookie-policy\/#primaryimage","url":"https:\/\/gpower.io\/wp-content\/uploads\/2019\/11\/Group-582.svg","contentUrl":"https:\/\/gpower.io\/wp-content\/uploads\/2019\/11\/Group-582.svg"},{"@type":"BreadcrumbList","@id":"https:\/\/gpower.io\/en\/cookie-policy\/#breadcrumb","itemListElement":[{"@type":"ListItem","position":1,"name":"Home","item":"https:\/\/gpower.io\/en\/"},{"@type":"ListItem","position":2,"name":"Cookie Policy"}]},{"@type":"WebSite","@id":"https:\/\/gpower.io\/en\/#website","url":"https:\/\/gpower.io\/en\/","name":"Nordens f\u00f8rende inden for test- og m\u00e5lesystemer","description":"Har I brug for assistance inden for test og m\u00e5ling?","publisher":{"@id":"https:\/\/gpower.io\/en\/#organization"},"potentialAction":[{"@type":"SearchAction","target":{"@type":"EntryPoint","urlTemplate":"https:\/\/gpower.io\/en\/?s={search_term_string}"},"query-input":{"@type":"PropertyValueSpecification","valueRequired":true,"valueName":"search_term_string"}}],"inLanguage":"en-US"},{"@type":"Organization","@id":"https:\/\/gpower.io\/en\/#organization","name":"GPower","url":"https:\/\/gpower.io\/en\/","logo":{"@type":"ImageObject","inLanguage":"en-US","@id":"https:\/\/gpower.io\/en\/#\/schema\/logo\/image\/","url":"https:\/\/gpower.io\/wp-content\/uploads\/2020\/12\/cropped-cropped-gpower-logo-80px-1.png","contentUrl":"https:\/\/gpower.io\/wp-content\/uploads\/2020\/12\/cropped-cropped-gpower-logo-80px-1.png","width":80,"height":80,"caption":"GPower"},"image":{"@id":"https:\/\/gpower.io\/en\/#\/schema\/logo\/image\/"}}]}},"_links":{"self":[{"href":"https:\/\/gpower.io\/en\/wp-json\/wp\/v2\/pages\/5183","targetHints":{"allow":["GET"]}}],"collection":[{"href":"https:\/\/gpower.io\/en\/wp-json\/wp\/v2\/pages"}],"about":[{"href":"https:\/\/gpower.io\/en\/wp-json\/wp\/v2\/types\/page"}],"author":[{"embeddable":true,"href":"https:\/\/gpower.io\/en\/wp-json\/wp\/v2\/users\/2"}],"replies":[{"embeddable":true,"href":"https:\/\/gpower.io\/en\/wp-json\/wp\/v2\/comments?post=5183"}],"version-history":[{"count":0,"href":"https:\/\/gpower.io\/en\/wp-json\/wp\/v2\/pages\/5183\/revisions"}],"wp:attachment":[{"href":"https:\/\/gpower.io\/en\/wp-json\/wp\/v2\/media?parent=5183"}],"curies":[{"name":"wp","href":"https:\/\/api.w.org\/{rel}","templated":true}]}}